{"id":18024,"date":"2023-08-27T17:13:38","date_gmt":"2023-08-27T15:13:38","guid":{"rendered":"https:\/\/sale.bellafiume.com\/how-does-this-work\/"},"modified":"2023-09-26T10:07:07","modified_gmt":"2023-09-26T08:07:07","slug":"kako-bella-fiume-funkcionira","status":"publish","type":"page","link":"https:\/\/sale.bellafiume.com\/hr\/kako-bella-fiume-funkcionira\/","title":{"rendered":"Kako Bella Fiume funkcionira?"},"content":{"rendered":"\t\t<div data-elementor-type=\"wp-page\" data-elementor-id=\"18024\" class=\"elementor elementor-18024 elementor-17956\">\n\t\t\t\t\t\t<section class=\"elementor-section elementor-top-section elementor-element elementor-element-5b81e21 elementor-section-height-min-height animated-slow elementor-section-boxed elementor-section-height-default elementor-section-items-middle elementor-invisible\" data-id=\"5b81e21\" data-element_type=\"section\" data-settings=\"{&quot;background_background&quot;:&quot;classic&quot;,&quot;animation&quot;:&quot;fadeIn&quot;}\">\n\t\t\t\t\t\t\t<div class=\"elementor-background-overlay\"><\/div>\n\t\t\t\t\t\t\t<div class=\"elementor-container elementor-column-gap-default\">\n\t\t\t\t\t<div class=\"elementor-column elementor-col-100 elementor-top-column elementor-element elementor-element-ad367f8\" data-id=\"ad367f8\" data-element_type=\"column\">\n\t\t\t<div class=\"elementor-widget-wrap elementor-element-populated\">\n\t\t\t\t\t\t<div class=\"elementor-element elementor-element-0e7939f elementor-widget elementor-widget-heading\" data-id=\"0e7939f\" data-element_type=\"widget\" data-widget_type=\"heading.default\">\n\t\t\t\t<div class=\"elementor-widget-container\">\n\t\t\t\t\t<h1 class=\"elementor-heading-title elementor-size-default\">Kako Bella Fiume funkcionira?<\/h1>\t\t\t\t<\/div>\n\t\t\t\t<\/div>\n\t\t\t\t\t<\/div>\n\t\t<\/div>\n\t\t\t\t\t<\/div>\n\t\t<\/section>\n\t\t\t\t<section class=\"elementor-section elementor-top-section elementor-element elementor-element-fc78338 elementor-section-boxed elementor-section-height-default elementor-section-height-default\" data-id=\"fc78338\" data-element_type=\"section\" data-settings=\"{&quot;background_background&quot;:&quot;classic&quot;}\">\n\t\t\t\t\t\t<div class=\"elementor-container elementor-column-gap-default\">\n\t\t\t\t\t<div class=\"elementor-column elementor-col-100 elementor-top-column elementor-element elementor-element-50dc01c\" data-id=\"50dc01c\" data-element_type=\"column\">\n\t\t\t<div class=\"elementor-widget-wrap elementor-element-populated\">\n\t\t\t\t\t\t<div class=\"elementor-element elementor-element-1f9f780 elementor-widget elementor-widget-spacer\" data-id=\"1f9f780\" data-element_type=\"widget\" data-widget_type=\"spacer.default\">\n\t\t\t\t<div class=\"elementor-widget-container\">\n\t\t\t\t\t\t\t<div class=\"elementor-spacer\">\n\t\t\t<div class=\"elementor-spacer-inner\"><\/div>\n\t\t<\/div>\n\t\t\t\t\t\t<\/div>\n\t\t\t\t<\/div>\n\t\t\t\t<div class=\"elementor-element elementor-element-65f1be3 animated-slow elementor-invisible elementor-widget elementor-widget-houzez_elementor_section_title\" data-id=\"65f1be3\" data-element_type=\"widget\" data-settings=\"{&quot;_animation&quot;:&quot;fadeIn&quot;}\" data-widget_type=\"houzez_elementor_section_title.default\">\n\t\t\t\t<div class=\"elementor-widget-container\">\n\t\t\t\t\t            <div class=\"houzez_section_title_wrap section-title-module\">\n                \n                                    <p class=\"houzez_section_subtitle\">Proces kupnje\/prodaje nekretnina dinami\u010dan je krajolik koji se stalno razvija i uklju\u010duje vi\u0161e komponenti i zamr\u0161enosti. U ovoj infografici zadubit \u0107emo se u temeljne aspekte funkcioniranja procesa. Od popisa nekretnina do interakcije kupac-prodava\u010d, otkrit \u0107emo klju\u010dne elemente koji pokre\u0107u svijet nekretnina.<\/p>\n                            <\/div>\n            \t\t\t\t<\/div>\n\t\t\t\t<\/div>\n\t\t\t\t<div class=\"elementor-element elementor-element-7a78b55 elementor-widget elementor-widget-image\" data-id=\"7a78b55\" data-element_type=\"widget\" data-widget_type=\"image.default\">\n\t\t\t\t<div class=\"elementor-widget-container\">\n\t\t\t\t\t\t\t\t\t\t\t\t\t\t\t<img fetchpriority=\"high\" decoding=\"async\" width=\"798\" height=\"1914\" src=\"https:\/\/sale.bellafiume.com\/wp-content\/uploads\/2023\/09\/are-lAsset-1@4x.png\" class=\"attachment-full size-full wp-image-18289\" alt=\"\" srcset=\"https:\/\/sale.bellafiume.com\/wp-content\/uploads\/2023\/09\/are-lAsset-1@4x.png 798w, https:\/\/sale.bellafiume.com\/wp-content\/uploads\/2023\/09\/are-lAsset-1@4x-125x300.png 125w, https:\/\/sale.bellafiume.com\/wp-content\/uploads\/2023\/09\/are-lAsset-1@4x-427x1024.png 427w, https:\/\/sale.bellafiume.com\/wp-content\/uploads\/2023\/09\/are-lAsset-1@4x-768x1842.png 768w, https:\/\/sale.bellafiume.com\/wp-content\/uploads\/2023\/09\/are-lAsset-1@4x-640x1536.png 640w, https:\/\/sale.bellafiume.com\/wp-content\/uploads\/2023\/09\/are-lAsset-1@4x-250x600.png 250w, https:\/\/sale.bellafiume.com\/wp-content\/uploads\/2023\/09\/are-lAsset-1@4x-496x1190.png 496w\" sizes=\"(max-width: 798px) 100vw, 798px\" \/>\t\t\t\t\t\t\t\t\t\t\t\t\t\t\t<\/div>\n\t\t\t\t<\/div>\n\t\t\t\t<div class=\"elementor-element elementor-element-f2e0774 elementor-widget elementor-widget-spacer\" data-id=\"f2e0774\" data-element_type=\"widget\" data-widget_type=\"spacer.default\">\n\t\t\t\t<div class=\"elementor-widget-container\">\n\t\t\t\t\t\t\t<div class=\"elementor-spacer\">\n\t\t\t<div class=\"elementor-spacer-inner\"><\/div>\n\t\t<\/div>\n\t\t\t\t\t\t<\/div>\n\t\t\t\t<\/div>\n\t\t\t\t\t<\/div>\n\t\t<\/div>\n\t\t\t\t\t<\/div>\n\t\t<\/section>\n\t\t\t\t<section class=\"elementor-section elementor-top-section elementor-element elementor-element-37e5de8 elementor-section-boxed elementor-section-height-default elementor-section-height-default\" data-id=\"37e5de8\" data-element_type=\"section\">\n\t\t\t\t\t\t<div class=\"elementor-container elementor-column-gap-default\">\n\t\t\t\t\t<div class=\"elementor-column elementor-col-100 elementor-top-column elementor-element elementor-element-b3c212c\" data-id=\"b3c212c\" data-element_type=\"column\">\n\t\t\t<div class=\"elementor-widget-wrap elementor-element-populated\">\n\t\t\t\t\t\t<div class=\"elementor-element elementor-element-298dd1f elementor-widget elementor-widget-spacer\" data-id=\"298dd1f\" data-element_type=\"widget\" data-widget_type=\"spacer.default\">\n\t\t\t\t<div class=\"elementor-widget-container\">\n\t\t\t\t\t\t\t<div class=\"elementor-spacer\">\n\t\t\t<div class=\"elementor-spacer-inner\"><\/div>\n\t\t<\/div>\n\t\t\t\t\t\t<\/div>\n\t\t\t\t<\/div>\n\t\t\t\t<div class=\"elementor-element elementor-element-04da9bb animated-slow elementor-invisible elementor-widget elementor-widget-houzez_elementor_section_title\" data-id=\"04da9bb\" data-element_type=\"widget\" data-settings=\"{&quot;_animation&quot;:&quot;fadeIn&quot;}\" data-widget_type=\"houzez_elementor_section_title.default\">\n\t\t\t\t<div class=\"elementor-widget-container\">\n\t\t\t\t\t            <div class=\"houzez_section_title_wrap section-title-module\">\n                                    <h2 class=\"houzez_section_title\">Pro\u010ditajte novosti na na\u0161em blogu<\/h2>\n                \n                                    <p class=\"houzez_section_subtitle\">Istra\u017eite na\u0161 blog, gdje nudimo bogatu tapiseriju \u010dlanaka, analiza tr\u017ei\u0161ta i savjeta, osmi\u0161ljenih da vas pomognu na va\u0161em putovanju u svijetu nekretnina.<\/p>\n                            <\/div>\n            \t\t\t\t<\/div>\n\t\t\t\t<\/div>\n\t\t\t\t<section class=\"elementor-section elementor-inner-section elementor-element elementor-element-1ee1e99 elementor-section-boxed elementor-section-height-default elementor-section-height-default\" data-id=\"1ee1e99\" data-element_type=\"section\">\n\t\t\t\t\t\t<div class=\"elementor-container elementor-column-gap-default\">\n\t\t\t\t\t<div class=\"elementor-column elementor-col-100 elementor-inner-column elementor-element elementor-element-2d41ad6\" data-id=\"2d41ad6\" data-element_type=\"column\">\n\t\t\t<div class=\"elementor-widget-wrap elementor-element-populated\">\n\t\t\t\t\t\t<div class=\"elementor-element elementor-element-b10f709 elementor-widget elementor-widget-houzez_elementor_blog_posts\" data-id=\"b10f709\" data-element_type=\"widget\" data-widget_type=\"houzez_elementor_blog_posts.default\">\n\t\t\t\t<div class=\"elementor-widget-container\">\n\t\t\t\t\t\n        <div class=\"blog-posts-module blog-posts-module-v1\">\n            <div class=\"row module-row\">\n                                    <div class=\"col-lg-3 col-md-6\">\n                        <div id=\"post-17994\" class=\"blog-post-item blog-post-item-v1 post-17994 post type-post status-publish format-standard has-post-thumbnail hentry category-nekretnine category-poslovno\">\n\t\n\t\t<div class=\"blog-post-thumb\">\n\t\t<a href=\"https:\/\/sale.bellafiume.com\/hr\/poslovno\/sto-traziti-pri-kupnji-nekretnine\/\" class=\"hover-effect\">\n\t\t\t<img decoding=\"async\" width=\"592\" height=\"444\" src=\"https:\/\/sale.bellafiume.com\/wp-content\/uploads\/2016\/03\/023-592x444.jpg\" class=\"img-fluid wp-post-image\" alt=\"\" srcset=\"https:\/\/sale.bellafiume.com\/wp-content\/uploads\/2016\/03\/023-592x444.jpg 592w, https:\/\/sale.bellafiume.com\/wp-content\/uploads\/2016\/03\/023-300x225.jpg 300w, https:\/\/sale.bellafiume.com\/wp-content\/uploads\/2016\/03\/023-1024x768.jpg 1024w, https:\/\/sale.bellafiume.com\/wp-content\/uploads\/2016\/03\/023-768x576.jpg 768w, https:\/\/sale.bellafiume.com\/wp-content\/uploads\/2016\/03\/023-584x438.jpg 584w, https:\/\/sale.bellafiume.com\/wp-content\/uploads\/2016\/03\/023-800x600.jpg 800w, https:\/\/sale.bellafiume.com\/wp-content\/uploads\/2016\/03\/023-120x90.jpg 120w, https:\/\/sale.bellafiume.com\/wp-content\/uploads\/2016\/03\/023-496x372.jpg 496w, https:\/\/sale.bellafiume.com\/wp-content\/uploads\/2016\/03\/023.jpg 1170w\" sizes=\"(max-width: 592px) 100vw, 592px\" \/>\t\t<\/a>\n\t<\/div><!-- blog-post-thumb -->\n\t\n\t<div class=\"blog-post-content-wrap\">\n\t\t<div class=\"blog-post-meta\">\n\t\t\t<ul class=\"list-inline\">\n\t\t\t\t\t\t\t\t<li class=\"list-inline-item\">\n\t\t\t\t\t<time datetime=\"09\/09\/2023\"><i class=\"houzez-icon icon-calendar-3 mr-1\"><\/i> 09\/09\/2023<\/time>\n\t\t\t\t<\/li>\n\t\t\t\t\n\t\t\t\t\t\t\t\t<li class=\"list-inline-item\">\n\t\t\t\t\t<i class=\"houzez-icon icon-tags mr-1\"><\/i> <a href=\"https:\/\/sale.bellafiume.com\/hr\/category\/nekretnine\/\" rel=\"category tag\">Nekretnine<\/a>, <a href=\"https:\/\/sale.bellafiume.com\/hr\/category\/poslovno\/\" rel=\"category tag\">Poslovno<\/a>\t\t\t\t<\/li>\n\t\t\t\t\n\t\t\t<\/ul>\n\t\t<\/div><!-- blog-post-meta -->\n\t\t<div class=\"blog-post-title\">\n\t\t\t<h3><a href=\"https:\/\/sale.bellafiume.com\/hr\/poslovno\/sto-traziti-pri-kupnji-nekretnine\/\">\u0160to tra\u017eiti pri kupnji nekretnine?<\/a><\/h3>\n\t\t<\/div><!-- blog-post-title -->\n\t\t<div class=\"blog-post-body\">\n\t\t\tInvesting in real estate is a significant decision that can have a profound impact on your financial future. Whether you're purchasing a home for personal use, a rental property for income, or a piece of land for development, it's crucial to approach the process with careful consideration and due diligence. To make a successful real estate purchase, you need to know what to look for. In this article, we'll explore the key factors to consider when buying real estate to ensure you make a sound investment.\t\t<\/div><!-- blog-post-body -->\n\t\t<div class=\"blog-post-link\">\n\t\t\t<a href=\"https:\/\/sale.bellafiume.com\/hr\/poslovno\/sto-traziti-pri-kupnji-nekretnine\/\"><\/a>\n\t\t<\/div><!-- blog-post-link -->\n\t<\/div><!-- blog-post-content-wrap -->\n\t\t<div class=\"blog-post-author\">\n\t\t<i class=\"houzez-icon icon-single-neutral mr-1\"><\/i>  Bella Fiume\t<\/div>\n\t<\/div><!-- blog-post-item -->                    <\/div>\n                                    <div class=\"col-lg-3 col-md-6\">\n                        <div id=\"post-17999\" class=\"blog-post-item blog-post-item-v1 post-17999 post type-post status-publish format-standard has-post-thumbnail hentry category-nekretnine category-poslovno\">\n\t\n\t\t<div class=\"blog-post-thumb\">\n\t\t<a href=\"https:\/\/sale.bellafiume.com\/hr\/poslovno\/zasto-koristiti-agenciju-za-pomoc-pri-kupnji-nekretnine\/\" class=\"hover-effect\">\n\t\t\t<img decoding=\"async\" width=\"592\" height=\"444\" src=\"https:\/\/sale.bellafiume.com\/wp-content\/uploads\/2016\/03\/007-592x444.jpg\" class=\"img-fluid wp-post-image\" alt=\"\" srcset=\"https:\/\/sale.bellafiume.com\/wp-content\/uploads\/2016\/03\/007-592x444.jpg 592w, https:\/\/sale.bellafiume.com\/wp-content\/uploads\/2016\/03\/007-300x225.jpg 300w, https:\/\/sale.bellafiume.com\/wp-content\/uploads\/2016\/03\/007-1024x768.jpg 1024w, https:\/\/sale.bellafiume.com\/wp-content\/uploads\/2016\/03\/007-768x576.jpg 768w, https:\/\/sale.bellafiume.com\/wp-content\/uploads\/2016\/03\/007-584x438.jpg 584w, https:\/\/sale.bellafiume.com\/wp-content\/uploads\/2016\/03\/007-800x600.jpg 800w, https:\/\/sale.bellafiume.com\/wp-content\/uploads\/2016\/03\/007-120x90.jpg 120w, https:\/\/sale.bellafiume.com\/wp-content\/uploads\/2016\/03\/007-496x372.jpg 496w, https:\/\/sale.bellafiume.com\/wp-content\/uploads\/2016\/03\/007.jpg 1170w\" sizes=\"(max-width: 592px) 100vw, 592px\" \/>\t\t<\/a>\n\t<\/div><!-- blog-post-thumb -->\n\t\n\t<div class=\"blog-post-content-wrap\">\n\t\t<div class=\"blog-post-meta\">\n\t\t\t<ul class=\"list-inline\">\n\t\t\t\t\t\t\t\t<li class=\"list-inline-item\">\n\t\t\t\t\t<time datetime=\"09\/02\/2023\"><i class=\"houzez-icon icon-calendar-3 mr-1\"><\/i> 09\/02\/2023<\/time>\n\t\t\t\t<\/li>\n\t\t\t\t\n\t\t\t\t\t\t\t\t<li class=\"list-inline-item\">\n\t\t\t\t\t<i class=\"houzez-icon icon-tags mr-1\"><\/i> <a href=\"https:\/\/sale.bellafiume.com\/hr\/category\/nekretnine\/\" rel=\"category tag\">Nekretnine<\/a>, <a href=\"https:\/\/sale.bellafiume.com\/hr\/category\/poslovno\/\" rel=\"category tag\">Poslovno<\/a>\t\t\t\t<\/li>\n\t\t\t\t\n\t\t\t<\/ul>\n\t\t<\/div><!-- blog-post-meta -->\n\t\t<div class=\"blog-post-title\">\n\t\t\t<h3><a href=\"https:\/\/sale.bellafiume.com\/hr\/poslovno\/zasto-koristiti-agenciju-za-pomoc-pri-kupnji-nekretnine\/\">Za\u0161to koristiti agenciju za pomo\u0107 pri kupnji nekretnine<\/a><\/h3>\n\t\t<\/div><!-- blog-post-title -->\n\t\t<div class=\"blog-post-body\">\n\t\t\tInvesting in real estate is a significant decision that can have a profound impact on your financial future. Whether you're purchasing a home for personal use, a rental property for income, or a piece of land for development, it's crucial to approach the process with careful consideration and due diligence. To make a successful real estate purchase, you need to know what to look for. In this article, we'll explore the key factors to consider when buying real estate to ensure you make a sound investment.\n\n\t\t<\/div><!-- blog-post-body -->\n\t\t<div class=\"blog-post-link\">\n\t\t\t<a href=\"https:\/\/sale.bellafiume.com\/hr\/poslovno\/zasto-koristiti-agenciju-za-pomoc-pri-kupnji-nekretnine\/\"><\/a>\n\t\t<\/div><!-- blog-post-link -->\n\t<\/div><!-- blog-post-content-wrap -->\n\t\t<div class=\"blog-post-author\">\n\t\t<i class=\"houzez-icon icon-single-neutral mr-1\"><\/i>  Bella Fiume\t<\/div>\n\t<\/div><!-- blog-post-item -->                    <\/div>\n                                    <div class=\"col-lg-3 col-md-6\">\n                        <div id=\"post-18001\" class=\"blog-post-item blog-post-item-v1 post-18001 post type-post status-publish format-standard has-post-thumbnail hentry category-nekretnine category-poslovno\">\n\t\n\t\t<div class=\"blog-post-thumb\">\n\t\t<a href=\"https:\/\/sale.bellafiume.com\/hr\/poslovno\/ulaganje-u-nekretnine-za-pocetnike-stvaranje-bogatstva-putem-imovine\/\" class=\"hover-effect\">\n\t\t\t<img loading=\"lazy\" decoding=\"async\" width=\"592\" height=\"444\" src=\"https:\/\/sale.bellafiume.com\/wp-content\/uploads\/2016\/03\/205-592x444.jpg\" class=\"img-fluid wp-post-image\" alt=\"\" srcset=\"https:\/\/sale.bellafiume.com\/wp-content\/uploads\/2016\/03\/205-592x444.jpg 592w, https:\/\/sale.bellafiume.com\/wp-content\/uploads\/2016\/03\/205-584x438.jpg 584w, https:\/\/sale.bellafiume.com\/wp-content\/uploads\/2016\/03\/205-120x90.jpg 120w\" sizes=\"(max-width: 592px) 100vw, 592px\" \/>\t\t<\/a>\n\t<\/div><!-- blog-post-thumb -->\n\t\n\t<div class=\"blog-post-content-wrap\">\n\t\t<div class=\"blog-post-meta\">\n\t\t\t<ul class=\"list-inline\">\n\t\t\t\t\t\t\t\t<li class=\"list-inline-item\">\n\t\t\t\t\t<time datetime=\"09\/02\/2023\"><i class=\"houzez-icon icon-calendar-3 mr-1\"><\/i> 09\/02\/2023<\/time>\n\t\t\t\t<\/li>\n\t\t\t\t\n\t\t\t\t\t\t\t\t<li class=\"list-inline-item\">\n\t\t\t\t\t<i class=\"houzez-icon icon-tags mr-1\"><\/i> <a href=\"https:\/\/sale.bellafiume.com\/hr\/category\/nekretnine\/\" rel=\"category tag\">Nekretnine<\/a>, <a href=\"https:\/\/sale.bellafiume.com\/hr\/category\/poslovno\/\" rel=\"category tag\">Poslovno<\/a>\t\t\t\t<\/li>\n\t\t\t\t\n\t\t\t<\/ul>\n\t\t<\/div><!-- blog-post-meta -->\n\t\t<div class=\"blog-post-title\">\n\t\t\t<h3><a href=\"https:\/\/sale.bellafiume.com\/hr\/poslovno\/ulaganje-u-nekretnine-za-pocetnike-stvaranje-bogatstva-putem-imovine\/\">Ulaganje u nekretnine za po\u010detnike: stvaranje bogatstva putem imovine<\/a><\/h3>\n\t\t<\/div><!-- blog-post-title -->\n\t\t<div class=\"blog-post-body\">\n\t\t\tReal estate investment is a proven path to wealth-building and achieving financial stability. While it may seem daunting for beginners, this article will guide you through the fundamentals of real estate investing, helping you understand the key concepts, strategies, and steps necessary to start your journey towards financial success in the Croatian real estate market.\n\n\t\t<\/div><!-- blog-post-body -->\n\t\t<div class=\"blog-post-link\">\n\t\t\t<a href=\"https:\/\/sale.bellafiume.com\/hr\/poslovno\/ulaganje-u-nekretnine-za-pocetnike-stvaranje-bogatstva-putem-imovine\/\"><\/a>\n\t\t<\/div><!-- blog-post-link -->\n\t<\/div><!-- blog-post-content-wrap -->\n\t\t<div class=\"blog-post-author\">\n\t\t<i class=\"houzez-icon icon-single-neutral mr-1\"><\/i>  Bella Fiume\t<\/div>\n\t<\/div><!-- blog-post-item -->                    <\/div>\n                                    <div class=\"col-lg-3 col-md-6\">\n                        <div id=\"post-18000\" class=\"blog-post-item blog-post-item-v1 post-18000 post type-post status-publish format-standard has-post-thumbnail hentry category-nekretnine category-poslovno\">\n\t\n\t\t<div class=\"blog-post-thumb\">\n\t\t<a href=\"https:\/\/sale.bellafiume.com\/hr\/poslovno\/revitalizacija-vaseg-prostora-vodic-za-renoviranje-i-poboljsanje-doma\/\" class=\"hover-effect\">\n\t\t\t<img loading=\"lazy\" decoding=\"async\" width=\"592\" height=\"444\" src=\"https:\/\/sale.bellafiume.com\/wp-content\/uploads\/2016\/03\/204-592x444.jpg\" class=\"img-fluid wp-post-image\" alt=\"\" srcset=\"https:\/\/sale.bellafiume.com\/wp-content\/uploads\/2016\/03\/204-592x444.jpg 592w, https:\/\/sale.bellafiume.com\/wp-content\/uploads\/2016\/03\/204-584x438.jpg 584w, https:\/\/sale.bellafiume.com\/wp-content\/uploads\/2016\/03\/204-120x90.jpg 120w\" sizes=\"(max-width: 592px) 100vw, 592px\" \/>\t\t<\/a>\n\t<\/div><!-- blog-post-thumb -->\n\t\n\t<div class=\"blog-post-content-wrap\">\n\t\t<div class=\"blog-post-meta\">\n\t\t\t<ul class=\"list-inline\">\n\t\t\t\t\t\t\t\t<li class=\"list-inline-item\">\n\t\t\t\t\t<time datetime=\"09\/02\/2023\"><i class=\"houzez-icon icon-calendar-3 mr-1\"><\/i> 09\/02\/2023<\/time>\n\t\t\t\t<\/li>\n\t\t\t\t\n\t\t\t\t\t\t\t\t<li class=\"list-inline-item\">\n\t\t\t\t\t<i class=\"houzez-icon icon-tags mr-1\"><\/i> <a href=\"https:\/\/sale.bellafiume.com\/hr\/category\/nekretnine\/\" rel=\"category tag\">Nekretnine<\/a>, <a href=\"https:\/\/sale.bellafiume.com\/hr\/category\/poslovno\/\" rel=\"category tag\">Poslovno<\/a>\t\t\t\t<\/li>\n\t\t\t\t\n\t\t\t<\/ul>\n\t\t<\/div><!-- blog-post-meta -->\n\t\t<div class=\"blog-post-title\">\n\t\t\t<h3><a href=\"https:\/\/sale.bellafiume.com\/hr\/poslovno\/revitalizacija-vaseg-prostora-vodic-za-renoviranje-i-poboljsanje-doma\/\">Revitalizacija va\u0161eg prostora: Vodi\u010d za renoviranje i pobolj\u0161anje doma<\/a><\/h3>\n\t\t<\/div><!-- blog-post-title -->\n\t\t<div class=\"blog-post-body\">\n\t\t\tYour home is more than just a place to live; it's a reflection of your lifestyle, taste, and personality. Over time, you may find that your living space needs a refresh or even a complete transformation. Home renovation and improvement projects not only enhance the aesthetics of your home but also increase its functionality and value. In this guide, we'll take you through the essential steps and considerations for revitalizing your space through home renovation and improvement.\n\n\t\t<\/div><!-- blog-post-body -->\n\t\t<div class=\"blog-post-link\">\n\t\t\t<a href=\"https:\/\/sale.bellafiume.com\/hr\/poslovno\/revitalizacija-vaseg-prostora-vodic-za-renoviranje-i-poboljsanje-doma\/\"><\/a>\n\t\t<\/div><!-- blog-post-link -->\n\t<\/div><!-- blog-post-content-wrap -->\n\t\t<div class=\"blog-post-author\">\n\t\t<i class=\"houzez-icon icon-single-neutral mr-1\"><\/i>  Bella Fiume\t<\/div>\n\t<\/div><!-- blog-post-item -->                    <\/div>\n                            <\/div>\n        <\/div>\n\n        \t\t\t\t<\/div>\n\t\t\t\t<\/div>\n\t\t\t\t\t<\/div>\n\t\t<\/div>\n\t\t\t\t\t<\/div>\n\t\t<\/section>\n\t\t\t\t<div class=\"elementor-element elementor-element-6649fbc elementor-widget elementor-widget-spacer\" data-id=\"6649fbc\" data-element_type=\"widget\" data-widget_type=\"spacer.default\">\n\t\t\t\t<div class=\"elementor-widget-container\">\n\t\t\t\t\t\t\t<div class=\"elementor-spacer\">\n\t\t\t<div class=\"elementor-spacer-inner\"><\/div>\n\t\t<\/div>\n\t\t\t\t\t\t<\/div>\n\t\t\t\t<\/div>\n\t\t\t\t\t<\/div>\n\t\t<\/div>\n\t\t\t\t\t<\/div>\n\t\t<\/section>\n\t\t\t\t<\/div>\n\t\t","protected":false},"excerpt":{"rendered":"<p>Kako Bella Fiume funkcionira? Proces kupnje\/prodaje nekretnina dinami\u010dan je krajolik koji se stalno razvija i uklju\u010duje vi\u0161e komponenti i zamr\u0161enosti. U ovoj infografici zadubit \u0107emo se u temeljne aspekte funkcioniranja procesa. Od popisa nekretnina do interakcije kupac-prodava\u010d, otkrit \u0107emo klju\u010dne elemente koji pokre\u0107u svijet nekretnina. Pro\u010ditajte novosti na na\u0161em blogu Istra\u017eite na\u0161 blog, gdje nudimo [&hellip;]<\/p>\n","protected":false},"author":2,"featured_media":0,"parent":0,"menu_order":0,"comment_status":"closed","ping_status":"closed","template":"template\/template-homepage.php","meta":{"footnotes":""},"class_list":["post-18024","page","type-page","status-publish","hentry"],"_links":{"self":[{"href":"https:\/\/sale.bellafiume.com\/hr\/wp-json\/wp\/v2\/pages\/18024","targetHints":{"allow":["GET"]}}],"collection":[{"href":"https:\/\/sale.bellafiume.com\/hr\/wp-json\/wp\/v2\/pages"}],"about":[{"href":"https:\/\/sale.bellafiume.com\/hr\/wp-json\/wp\/v2\/types\/page"}],"author":[{"embeddable":true,"href":"https:\/\/sale.bellafiume.com\/hr\/wp-json\/wp\/v2\/users\/2"}],"replies":[{"embeddable":true,"href":"https:\/\/sale.bellafiume.com\/hr\/wp-json\/wp\/v2\/comments?post=18024"}],"version-history":[{"count":10,"href":"https:\/\/sale.bellafiume.com\/hr\/wp-json\/wp\/v2\/pages\/18024\/revisions"}],"predecessor-version":[{"id":18296,"href":"https:\/\/sale.bellafiume.com\/hr\/wp-json\/wp\/v2\/pages\/18024\/revisions\/18296"}],"wp:attachment":[{"href":"https:\/\/sale.bellafiume.com\/hr\/wp-json\/wp\/v2\/media?parent=18024"}],"curies":[{"name":"wp","href":"https:\/\/api.w.org\/{rel}","templated":true}]}}